{"id":1377,"date":"2019-02-21T13:53:18","date_gmt":"2019-02-21T11:53:18","guid":{"rendered":"https:\/\/kytteseade.ee\/lhv-jarelmaks\/"},"modified":"2019-07-09T11:24:31","modified_gmt":"2019-07-09T08:24:31","slug":"lhv-jarelmaks","status":"publish","type":"page","link":"https:\/\/kytteseade.ee\/ru\/lhv-jarelmaks\/","title":{"rendered":"\u0420\u0430\u0441\u0441\u0440\u043e\u0447\u043a\u0430 LHV"},"content":{"rendered":"<\/div><\/div><\/div><!-- close content main div --><\/div><\/div><div id='av_section_1' class='avia-section main_color avia-section-default avia-no-shadow avia-bg-style-scroll  general-wrapper  container_wrap sidebar_right'   ><div class='container' ><div class='template-page content  av-content-small alpha units'><div class='post-entry post-entry-type-page post-entry-1377'><div class='entry-content-wrapper clearfix'>\n<div class=\"flex_column av_one_full  flex_column_div av-zero-column-padding first  content-block-wrapper \" style='background-color:#ffffff; border-radius:0px; '><p><div class='avia-image-container  av-styling-     avia-align-left '  itemscope=\"itemscope\" itemtype=\"https:\/\/schema.org\/ImageObject\"  ><div class='avia-image-container-inner'><img class='avia_image ' src='https:\/\/kytteseade.ee\/wp-content\/uploads\/2019\/02\/LHV_jarelmaks_logo-300x234.png' alt='' title='LHV_jarelmaks_logo'   itemprop=\"thumbnailUrl\"  \/><\/div><\/div><br \/>\n<section class=\"av_textblock_section \"  itemscope=\"itemscope\" itemtype=\"https:\/\/schema.org\/CreativeWork\" ><div class='avia_textblock  '   itemprop=\"text\" ><h3>LHV J\u00e4relmaks<\/h3>\n<p>\u0421 \u0440\u0430\u0441\u0441\u0440\u043e\u0447\u043a\u043e\u0439 LHV \u043c\u043e\u0436\u043d\u043e \u043e\u043f\u043b\u0430\u0447\u0438\u0432\u0430\u0442\u044c \u0442\u043e\u0432\u0430\u0440\/\u0443\u0441\u043b\u0443\u0433\u0443 \u0447\u0430\u0441\u0442\u044f\u043c\u0438. \u0417\u0430\u043f\u043e\u043b\u043d\u0438\u0442\u0435 \u0445\u043e\u0434\u0430\u0442\u0430\u0439\u0441\u0442\u0432\u043e\u00a0<a href=\"https:\/\/www.lhv.ee\/et\/jarelmaks\/taotlus?deor=EE-12829502\" target=\"_blank\" rel=\"noopener\"><strong>\u0437\u0434\u0435\u0441\u044c<\/strong><\/a>\u00a0\u0438\u043b\u0438 \u0432 \u043d\u0430\u0448\u0435\u043c \u043c\u0430\u0433\u0430\u0437\u0438\u043d\u0435, \u0438 \u043c\u044b \u0441\u0440\u0430\u0437\u0443 \u0441\u043e\u0441\u0442\u0430\u0432\u0438\u043c \u0434\u043b\u044f \u0432\u0430\u0441 \u043f\u0440\u0435\u0434\u043b\u043e\u0436\u0435\u043d\u0438\u0435.<\/p>\n<ul>\n<li>\u041e\u0442\u0432\u0435\u0442 \u043d\u0430 \u0445\u043e\u0434\u0430\u0442\u0430\u0439\u0441\u0442\u0432\u043e \u0447\u0435\u0440\u0435\u0437 \u043d\u0435\u0441\u043a\u043e\u043b\u044c\u043a\u043e \u043c\u0438\u043d\u0443\u0442.<\/li>\n<li>\u0412\u0437\u043d\u043e\u0441 \u043d\u0430\u0447\u0438\u043d\u0430\u044f \u0441 0 \u0435\u0432\u0440\u043e.<\/li>\n<li>\u041f\u0440\u043e\u0446\u0435\u043d\u0442 \u043d\u0430\u0447\u0438\u043d\u0430\u044f \u0441 15,9%, \u043d\u0430\u0447\u0438\u0441\u043b\u044f\u0435\u0442\u0441\u044f \u0441 \u043e\u0441\u0442\u0430\u0442\u043a\u0430 \u043a\u0440\u0435\u0434\u0438\u0442\u0430.<\/li>\n<li>\u0411\u0435\u0441\u043f\u043b\u0430\u0442\u043d\u044b\u0439 \u0434\u043e\u0441\u0440\u043e\u0447\u043d\u044b\u0439 \u0432\u043e\u0437\u0432\u0440\u0430\u0442:<\/li>\n<li>\u0412\u044b \u043c\u043e\u0436\u0435\u0442\u0435 \u0441\u0430\u043c\u0438 \u0432\u044b\u0431\u0440\u0430\u0442\u044c \u043f\u043e\u0434\u0445\u043e\u0434\u044f\u0449\u0438\u0439 \u0440\u0430\u0437\u043c\u0435\u0440 \u043c\u0435\u0441\u044f\u0447\u043d\u043e\u0433\u043e \u043f\u043b\u0430\u0442\u0435\u0436\u0430 \u0438 \u043f\u0435\u0440\u0438\u043e\u0434 \u0432\u043e\u0437\u0432\u0440\u0430\u0442\u0430.<\/li>\n<\/ul>\n<div id=\"footable_parent_1383\" class=\"footable_parent ninja_table_wrapper loading_ninja_table wp_table_data_press_parent bootstrap3 \">\n    \t\t    <table data-ninja_table_instance=\"ninja_table_instance_0\" data-footable_id=\"1383\"data-filter-delay=\"500\"           id=\"footable_1383\"\n           class=\" foo-table ninja_footable foo_table_1383 table  table-striped table-bordered table-hover vertical_centered footable-paging-right ninja_table_search_disabled\">\n                <colgroup>\n\t\t\t                <col class=\"ninja_column_0  \"><\/col>\n\t\t\t                <col class=\"ninja_column_1  \"><\/col>\n\t\t\t                <col class=\"ninja_column_2  \"><\/col>\n\t\t\t                <col class=\"ninja_column_3  \"><\/col>\n\t\t\t                <col class=\"ninja_column_4  \"><\/col>\n\t\t\t        <\/colgroup>\n\t\t    <\/table>\n\t\n    <\/div>\n<p>\u041f\u0440\u0438\u0432\u0435\u0434\u0435\u043d\u044b \u043f\u0440\u0438\u043c\u0435\u0440\u043d\u044b\u0435 \u043e\u043a\u0440\u0443\u0433\u043b\u0435\u043d\u043d\u044b\u0435 \u0441\u0443\u043c\u043c\u044b \u043f\u0440\u0438 \u043f\u0440\u043e\u0446\u0435\u043d\u0442\u0435 15,9%. \u0422\u043e\u0447\u043d\u044b\u0439 \u043c\u0435\u0441\u044f\u0447\u043d\u044b\u0439 \u043f\u043b\u0430\u0442\u0435\u0436 \u0443\u0441\u0442\u0430\u043d\u0430\u0432\u043b\u0438\u0432\u0430\u0435\u0442\u0441\u044f \u0432 \u0434\u043e\u0433\u043e\u0432\u043e\u0440\u0435.<\/p>\n<p><strong>\u0423\u0441\u043b\u043e\u0432\u0438\u044f \u0440\u0430\u0441\u0441\u0440\u043e\u0447\u043a\u0438:<\/strong><\/p>\n<ul>\n<li>\u0420\u0435\u0448\u0435\u043d\u0438\u0435 \u043e \u043f\u0440\u0435\u0434\u043e\u0441\u0442\u0430\u0432\u043b\u0435\u043d\u0438\u0438 \u0440\u0430\u0441\u0441\u0440\u043e\u0447\u043a\u0438 \u0434\u0435\u0439\u0441\u0442\u0432\u0438\u0442\u0435\u043b\u044c\u043d\u043e 90 \u0434\u043d\u0435\u0439. \u0412 \u0442\u0435\u0447\u0435\u043d\u0438\u0435 \u044d\u0442\u043e\u0433\u043e \u043f\u0435\u0440\u0438\u043e\u0434\u0430 \u0432\u044b \u043c\u043e\u0436\u0435\u0442\u0435 \u043f\u043e\u043a\u0443\u043f\u0430\u0442\u044c \u0442\u043e\u0432\u0430\u0440\u044b \u0438 \u0443\u0441\u043b\u0443\u0433\u0438 \u0432 \u0440\u0430\u0437\u043c\u0435\u0440\u0435 \u043f\u0440\u0435\u0434\u043b\u043e\u0436\u0435\u043d\u043d\u043e\u0433\u043e \u043b\u0438\u043c\u0438\u0442\u0430.<\/li>\n<li>\u041c\u0438\u043d\u0438\u043c\u0430\u043b\u044c\u043d\u044b\u0439 \u0434\u043e\u0445\u043e\u0434 \u0445\u043e\u0434\u0430\u0442\u0430\u0439\u0441\u0442\u0432\u0443\u044e\u0449\u0435\u0433\u043e 250 \u0435\u0432\u0440\u043e \u0432 \u043c\u0435\u0441\u044f\u0446.<\/li>\n<li>\u041f\u043b\u0430\u0442\u0430 \u0437\u0430 \u0434\u043e\u0433\u043e\u0432\u043e\u0440 \u043d\u0430\u0447\u0438\u043d\u0430\u044f \u0441 9,90 \u0435\u0432\u0440\u043e.<\/li>\n<li>\u0421\u0440\u043e\u043a \u0434\u0435\u0439\u0441\u0442\u0432\u0438\u044f \u0434\u043e\u0433\u043e\u0432\u043e\u0440\u0430 3-48 \u043c\u0435\u0441\u044f\u0446\u0435\u0432.<\/li>\n<\/ul>\n<p>\u0420\u0430\u0441\u0441\u0440\u043e\u0447\u043a\u043e\u0439 LHV \u043c\u043e\u0436\u0435\u0442 \u0432\u043e\u0441\u043f\u043e\u043b\u044c\u0437\u043e\u0432\u0430\u0442\u044c\u0441\u044f \u0438 \u043f\u0440\u0435\u0434\u043f\u0440\u0438\u044f\u0442\u0438\u0435, \u0434\u0435\u0439\u0441\u0442\u0432\u0443\u044e\u0449\u0435\u0435 \u043d\u0435 \u043c\u0435\u043d\u0435\u0435 \u043e\u0434\u043d\u043e\u0433\u043e \u0433\u043e\u0434\u0430. \u0414\u043b\u044f \u044d\u0442\u043e\u0433\u043e \u0441\u043b\u0435\u0434\u0443\u0435\u0442 \u043f\u043e\u0434\u0430\u0442\u044c \u0445\u043e\u0434\u0430\u0442\u0430\u0439\u0441\u0442\u0432\u043e, \u043f\u043e\u0441\u043b\u0435\u0434\u043d\u0438\u0439 \u043e\u0442\u0447\u0435\u0442 \u043f\u0440\u0435\u0434\u043f\u0440\u0438\u044f\u0442\u0438\u044f \u0437\u0430 \u0445\u043e\u0437\u044f\u0439\u0441\u0442\u0432\u0435\u043d\u043d\u044b\u0439 \u0433\u043e\u0434, \u0431\u0430\u043b\u0430\u043d\u0441 \u0438 \u043e\u0442\u0447\u0435\u0442 \u043e \u043f\u0440\u0438\u0431\u044b\u043b\u0438 \u043f\u043e \u0441\u043e\u0441\u0442\u043e\u044f\u043d\u0438\u044e \u043d\u0430 \u043f\u043e\u0441\u043b\u0435\u0434\u043d\u0438\u0439 \u043c\u0435\u0441\u044f\u0446. \u041e\u0442\u043f\u0440\u0430\u0432\u044c\u0442\u0435 \u0434\u043e\u043a\u0443\u043c\u0435\u043d\u0442 \u043d\u0430 \u0430\u0434\u0440\u0435\u0441 finance@lhv.ee\u00a0\u0438 \u043d\u0435 \u043f\u043e\u0437\u0434\u043d\u0435\u0435, \u0447\u0435\u043c \u0432 \u0442\u0435\u0447\u0435\u043d\u0438\u0435 \u0442\u0440\u0435\u0445 \u0434\u043d\u0435\u0439, \u0432\u044b \u043f\u043e\u043b\u0443\u0447\u0438\u0442\u0435 \u043f\u0440\u0435\u0434\u043b\u043e\u0436\u0435\u043d\u0438\u0435.\u00a0 \u041f\u0440\u0438 \u043d\u0435\u043e\u0431\u0445\u043e\u0434\u0438\u043c\u043e\u0441\u0442\u0438 \u043c\u044b \u043c\u043e\u0436\u0435\u043c \u043f\u043e\u043f\u0440\u043e\u0441\u0438\u0442\u044c \u043f\u043e\u0440\u0443\u0447\u0438\u0442\u0435\u043b\u044c\u0441\u0442\u0432\u043e \u0443 \u0441\u043e\u0431\u0441\u0442\u0432\u0435\u043d\u043d\u0438\u043a\u0430 \u043f\u0440\u0435\u0434\u043f\u0440\u0438\u044f\u0442\u0438\u044f, \u0447\u043b\u0435\u043d\u0430 \u043f\u0440\u0430\u0432\u043b\u0435\u043d\u0438\u044f \u0438\u043b\u0438 \u0434\u0440\u0443\u0433\u043e\u0433\u043e \u043f\u0440\u0435\u0434\u043f\u0440\u0438\u044f\u0442\u0438\u044f. \u0414\u043e\u043f\u043e\u043b\u043d\u0438\u0442\u0435\u043b\u044c\u043d\u0430\u044f \u0438\u043d\u0444\u043e\u0440\u043c\u0430\u0446\u0438\u044f:\u00a0lhv.ee\/jarelmaks\u00a0\u0438\u043b\u0438 \u043f\u043e \u0442\u0435\u043b\u0435\u0444\u043e\u043d\u0443\u00a06802 700 \u0435\u0436\u0435\u0434\u043d\u0435\u0432\u043d\u043e 9.00-21.00.<\/p>\n<div style=\"width: 100%; height: 2px; background-color: #efefef;\"><\/div>\n<p>\u0420\u0430\u0441\u0441\u0440\u043e\u0447\u043a\u0443 \u043f\u0440\u0435\u0434\u043b\u0430\u0433\u0430\u0435\u0442 AS LHV Finance. \u041e\u0437\u043d\u0430\u043a\u043e\u043c\u044c\u0442\u0435\u0441\u044c \u0441 \u0443\u0441\u043b\u043e\u0432\u0438\u044f\u043c\u0438 \u0432 \u043f\u0443\u043d\u043a\u0442\u0435 \u043f\u0440\u043e\u0434\u0430\u0436\u0438 \u0438\u043b\u0438 \u043d\u0430 lhv.ee\/jarelmaks \u0438 \u043f\u0440\u043e\u043a\u043e\u043d\u0441\u0443\u043b\u044c\u0442\u0438\u0440\u0443\u0439\u0442\u0435\u0441\u044c \u0441 \u043d\u0430\u0448\u0438\u043c \u0441\u043f\u0435\u0446\u0438\u0430\u043b\u0438\u0441\u0442\u043e\u043c. \u0420\u0430\u0437\u043c\u0435\u0440 \u0435\u0436\u0435\u043c\u0435\u0441\u044f\u0447\u043d\u043e\u0433\u043e \u043f\u043b\u0430\u0442\u0435\u0436\u0430 37,38 \u20ac, \u0441\u0442\u0430\u0432\u043a\u0430 \u0437\u0430\u0442\u0440\u0430\u0442\u043d\u043e\u0441\u0442\u0438 \u043a\u0440\u0435\u0434\u0438\u0442\u0430 \u0441\u043e\u0441\u0442\u0430\u0432\u043b\u044f\u0435\u0442 23,70% \u0432 \u0433\u043e\u0434 \u043f\u0440\u0438 \u0441\u043b\u0435\u0434\u0443\u044e\u0449\u0438\u0445 \u0442\u0438\u043f\u043e\u0432\u044b\u0445 \u0443\u0441\u043b\u043e\u0432\u0438\u044f\u0445: \u0441\u0443\u043c\u043c\u0430 \u0442\u043e\u0432\u0430\u0440\u0430 \u0443\u0441\u043b\u0443\u0433\u0438 700 \u20ac, \u0432\u0437\u043d\u043e\u0441 0%, \u0441\u0443\u043c\u043c\u0430 \u043a\u0440\u0435\u0434\u0438\u0442\u0430 700 \u20ac, \u043f\u0440\u043e\u0446\u0435\u043d\u0442 19,90% \u043e\u0442 \u043e\u0441\u0442\u0430\u0442\u043a\u0430 \u0432 \u0433\u043e\u0434 (\u0444\u0438\u043a\u0441\u0438\u0440\u043e\u0432\u0430\u043d\u043d\u044b\u0439), \u043f\u043b\u0430\u0442\u0430 \u0437\u0430 \u0434\u043e\u0433\u043e\u0432\u043e\u0440 9,90 \u20ac, \u043f\u0435\u0440\u0438\u043e\u0434 \u0440\u0430\u0441\u0441\u0440\u043e\u0447\u043a\u0438 23 \u043c\u0435\u0441\u044f\u0446\u0430, \u043e\u043f\u043b\u0430\u0442\u0430 \u0435\u0436\u0435\u043c\u0435\u0441\u044f\u0447\u043d\u044b\u043c\u0438 \u0430\u043d\u043d\u0443\u0438\u0442\u0435\u0442\u043d\u044b\u043c\u0438 \u043f\u043b\u0430\u0442\u0435\u0436\u0430\u043c\u0438, \u043e\u0431\u0449\u0430\u044f \u0441\u0443\u043c\u043c\u0430 \u043f\u043b\u0430\u0442\u0435\u0436\u0435\u0439 859,74 \u20ac, \u0441\u0443\u043c\u043c\u0430 \u0432\u043e\u0437\u0432\u0440\u0430\u0442\u043d\u044b\u0445 \u043f\u043b\u0430\u0442\u0435\u0436\u0435\u0439 859,74 \u20ac.<\/p>\n<\/div><\/section><\/p><\/div><\/div><\/div><\/div><!-- close content main div --><\/div><\/div><div id='after_section_1' class='main_color av_default_container_wrap container_wrap sidebar_right'   ><div class='container' ><div class='template-page content  av-content-small alpha units'><div class='post-entry post-entry-type-page post-entry-1377'><div class='entry-content-wrapper clearfix'><\/div><\/div><\/div><!-- close content main div --><\/div><\/div><div id='av-layout-grid-1' class='av-layout-grid-container entry-content-wrapper main_color av-flex-cells    red-contact-area container_wrap sidebar_right'   >\n<div class=\"flex_cell no_margin av_one_half    \" style='vertical-align:top; padding:30px 30px 30px 60px ; background-color:#d12433; '><div class='flex_cell_inner' ><div class=\"flex_column av_one_full  av-animated-generic left-to-right  flex_column_div av-zero-column-padding first  red-contact-left \" style='border-radius:0px; '><section class=\"av_textblock_section \"  itemscope=\"itemscope\" itemtype=\"https:\/\/schema.org\/CreativeWork\" ><div class='avia_textblock  '   itemprop=\"text\" ><h2>Vajad abi endale sobiva<br \/>\ntoote valimisel?<\/h2>\n<p>T\u00e4ida p\u00e4ringuvorm, helista v\u00f5i saada kiri!<\/p>\n<p><a class=\"cta-btn\" href=\"https:\/\/kytteseade.ee\/hinnaparing\/\">Esita p\u00e4ring<\/a><\/p>\n<\/div><\/section><\/div>\n<\/div><\/div><div class=\"flex_cell no_margin av_one_half    \" style='vertical-align:top; padding:30px 30px 30px 60px ; background-color:#ad232d; '><div class='flex_cell_inner' ><div class=\"flex_column av_one_full  flex_column_div av-zero-column-padding first  red-contact-right \" style='border-radius:0px; '><section class=\"av_textblock_section \"  itemscope=\"itemscope\" itemtype=\"https:\/\/schema.org\/CreativeWork\" ><div class='avia_textblock  '   itemprop=\"text\" ><h3>M\u00fc\u00fck ja paigaldus<\/h3>\n<p class=\"cont-element\"><i class=\"fa fa-phone-square\" aria-hidden=\"true\"><\/i>+372 51 200 04\u00a0 \u00a0<span class=\"sec-tel\"><i class=\"fa fa-phone-square\" aria-hidden=\"true\"><\/i>+372 56 660 149<\/span><\/p>\n<p class=\"cont-element\"><i id=\"mail-icon\" class=\"fa fa-envelope\" aria-hidden=\"true\"><\/i><a href=\"mailto:info@kytteseade.ee\">info@kytteseade.ee<\/a><\/p>\n<h3>Hooldus<\/h3>\n<p class=\"cont-element\"><i class=\"fa fa-phone-square\" aria-hidden=\"true\"><\/i>+372 51 866 95<\/p>\n<p class=\"cont-element\"><i id=\"mail-icon\" class=\"fa fa-envelope\" aria-hidden=\"true\"><\/i><a href=\"mailto:hooldus@kytteseade.ee\">hooldus@kytteseade.ee<\/a><\/p>\n<\/div><\/section><\/div>\n<\/div><\/div>\n<\/div><\/p>\n","protected":false},"excerpt":{"rendered":"","protected":false},"author":1,"featured_media":0,"parent":0,"menu_order":0,"comment_status":"closed","ping_status":"closed","template":"","meta":{"_monsterinsights_skip_tracking":false,"_monsterinsights_sitenote_active":false,"_monsterinsights_sitenote_note":"","_monsterinsights_sitenote_category":0,"footnotes":""},"class_list":["post-1377","page","type-page","status-publish","hentry"],"_links":{"self":[{"href":"https:\/\/kytteseade.ee\/ru\/wp-json\/wp\/v2\/pages\/1377"}],"collection":[{"href":"https:\/\/kytteseade.ee\/ru\/wp-json\/wp\/v2\/pages"}],"about":[{"href":"https:\/\/kytteseade.ee\/ru\/wp-json\/wp\/v2\/types\/page"}],"author":[{"embeddable":true,"href":"https:\/\/kytteseade.ee\/ru\/wp-json\/wp\/v2\/users\/1"}],"replies":[{"embeddable":true,"href":"https:\/\/kytteseade.ee\/ru\/wp-json\/wp\/v2\/comments?post=1377"}],"version-history":[{"count":4,"href":"https:\/\/kytteseade.ee\/ru\/wp-json\/wp\/v2\/pages\/1377\/revisions"}],"predecessor-version":[{"id":1384,"href":"https:\/\/kytteseade.ee\/ru\/wp-json\/wp\/v2\/pages\/1377\/revisions\/1384"}],"wp:attachment":[{"href":"https:\/\/kytteseade.ee\/ru\/wp-json\/wp\/v2\/media?parent=1377"}],"curies":[{"name":"wp","href":"https:\/\/api.w.org\/{rel}","templated":true}]}}