{"id":1140,"date":"2018-10-30T00:03:21","date_gmt":"2018-10-29T22:03:21","guid":{"rendered":"https:\/\/kytteseade.ee\/ventilatsioon-ja-jahutus\/ventilatsiooni-hooldus\/"},"modified":"2020-12-14T19:44:29","modified_gmt":"2020-12-14T17:44:29","slug":"ventilatsiooni-hooldus","status":"publish","type":"page","link":"https:\/\/kytteseade.ee\/ru\/ventilatsioon-ja-jahutus\/ventilatsiooni-hooldus\/","title":{"rendered":"\u041e\u0431\u0441\u043b\u0443\u0436\u0438\u0432\u0430\u043d\u0438\u0435 \u0432\u0435\u043d\u0442\u0438\u043b\u044f\u0446\u0438\u0438"},"content":{"rendered":"<\/div><\/div><\/div><!-- close content main div --><\/div><\/div><div id='av_section_1' class='avia-section main_color avia-section-default avia-no-shadow avia-bg-style-scroll  general-wrapper  container_wrap sidebar_right'   ><div class='container' ><div class='template-page content  av-content-small alpha units'><div class='post-entry post-entry-type-page post-entry-1140'><div class='entry-content-wrapper clearfix'>\n<div class=\"flex_column av_three_fourth  av-break-at-tablet flex_column_div av-zero-column-padding first  content-block-wrapper vent-main-content \" style='background-color:#ffffff; border-radius:0px; '><section class=\"av_textblock_section \"  itemscope=\"itemscope\" itemtype=\"https:\/\/schema.org\/CreativeWork\" ><div class='avia_textblock  '   itemprop=\"text\" ><h3>\u041e\u0431\u0441\u043b\u0443\u0436\u0438\u0432\u0430\u043d\u0438\u0435 \u0432\u0435\u043d\u0442\u0438\u043b\u044f\u0446\u0438\u0438<\/h3>\n<p>\u0421\u0432\u043e\u0435\u0432\u0440\u0435\u043c\u0435\u043d\u043d\u043e\u0435 \u043e\u0431\u0441\u043b\u0443\u0436\u0438\u0432\u0430\u043d\u0438\u0435 \u0432\u0435\u043d\u0442\u0438\u043b\u044f\u0446\u0438\u043e\u043d\u043d\u044b\u0445 \u0443\u0441\u0442\u0430\u043d\u043e\u0432\u043e\u043a \u044d\u043a\u043e\u043d\u043e\u043c\u0438\u0442 \u0432\u0430\u0448\u0438 \u0434\u0435\u043d\u044c\u0433\u0438, \u0432\u0440\u0435\u043c\u044f \u0438 \u043e\u0431\u0435\u0441\u043f\u0435\u0447\u0438\u0432\u0430\u0435\u0442 \u0434\u043e\u043b\u0433\u043e\u0432\u0440\u0435\u043c\u0435\u043d\u043d\u0443\u044e \u0440\u0430\u0431\u043e\u0442\u0443 \u0443\u0441\u0442\u0440\u043e\u0439\u0441\u0442\u0432. \u041a \u043e\u0431\u0441\u043b\u0443\u0436\u0438\u0432\u0430\u043d\u0438\u044e \u0432\u0435\u043d\u0442\u0438\u043b\u044f\u0446\u0438\u043e\u043d\u043d\u044b\u0445 \u0443\u0441\u0442\u0430\u043d\u043e\u0432\u043e\u043a \u043e\u0442\u043d\u043e\u0441\u044f\u0442\u0441\u044f \u0432\u0441\u0435 \u0441\u0432\u044f\u0437\u0430\u043d\u043d\u044b\u0435 \u0441 \u0432\u0435\u043d\u0442\u0438\u043b\u044f\u0446\u0438\u0435\u0439 \u0441\u0435\u0440\u0432\u0438\u0441\u043d\u044b\u0435 \u0440\u0430\u0431\u043e\u0442\u044b, \u043e\u0431\u0435\u0441\u043f\u0435\u0447\u0438\u0432\u0430\u044e\u0449\u0438\u0435 \u0435\u0435 \u0431\u0435\u0441\u043f\u0435\u0440\u0435\u0431\u043e\u0439\u043d\u0443\u044e \u0440\u0430\u0431\u043e\u0442\u0443. \u041e\u0431\u0441\u043b\u0443\u0436\u0438\u0432\u0430\u043d\u0438\u0435 \u0432\u0435\u043d\u0442\u0438\u043b\u044f\u0446\u0438\u0438 \u0432\u043a\u043b\u044e\u0447\u0430\u0435\u0442 \u043f\u0440\u043e\u0432\u0435\u0440\u043a\u0443, \u0440\u0435\u0433\u0443\u043b\u0438\u0440\u043e\u0432\u043a\u0443, \u043f\u0440\u0438\u0432\u0435\u0434\u0435\u043d\u0438\u0435 \u0432 \u043f\u043e\u0440\u044f\u0434\u043e\u043a \u043d\u0430\u043b\u0430\u0434\u043a\u0443, \u0440\u0435\u043c\u043e\u043d\u0442 \u0432\u0435\u043d\u0442\u0438\u043b\u044f\u0446\u0438\u043e\u043d\u043d\u043e\u0439 \u0441\u0438\u0441\u0442\u0435\u043c\u044b, \u043f\u0440\u043e\u0432\u0435\u0440\u043a\u0443 \u0438 \u043f\u0440\u0438 \u043d\u0435\u043e\u0431\u0445\u043e\u0434\u0438\u043c\u043e\u0441\u0442\u0438 \u0437\u0430\u043c\u0435\u043d\u0443 \u0444\u0438\u043b\u044c\u0442\u0440\u043e\u0432 \u0438 \u0440\u0435\u043c\u0435\u043d\u043d\u044b\u0445 \u043f\u0435\u0440\u0435\u0434\u0430\u0447.<\/p>\n<p>\u041e\u0441\u0443\u0449\u0435\u0441\u0442\u0432\u043b\u044f\u0435\u043c\u044b\u0435 \u0440\u0430\u0431\u043e\u0442\u044b \u043f\u043e \u043e\u0431\u0441\u043b\u0443\u0436\u0438\u0432\u0430\u043d\u0438\u044e \u0432\u0435\u043d\u0442\u0438\u043b\u044f\u0446\u0438\u043e\u043d\u043d\u044b\u0445 \u0443\u0441\u0442\u0430\u043d\u043e\u0432\u043e\u043a:<\/p>\n<ul>\n<li>\u041e\u0431\u0441\u043b\u0443\u0436\u0438\u0432\u0430\u043d\u0438\u0435 \u0442\u0440\u0443\u0431\u043e\u043f\u0440\u043e\u0432\u043e\u0434\u043e\u0432 \u0438 \u0438\u0445 \u0447\u0430\u0441\u0442\u0435\u0439 (\u0434\u044b\u043c\u043e\u0432\u044b\u0435 \u043a\u043b\u0430\u043f\u0430\u043d\u044b, \u043f\u0440\u043e\u0442\u0438\u0432\u043e\u043f\u043e\u0436\u0430\u0440\u043d\u044b\u0435 \u043a\u043b\u0430\u043f\u0430\u043d\u044b)<\/li>\n<li>\u041f\u0440\u043e\u0432\u0435\u0440\u043a\u0430 \u044d\u043b\u0435\u043a\u0442\u0440\u0438\u0447\u0435\u0441\u043a\u0438\u0445 \u0441\u043e\u0435\u0434\u0438\u043d\u0435\u043d\u0438\u0439<\/li>\n<li>\u041d\u0430\u0442\u044f\u0436\u0435\u043d\u0438\u0435, \u0432\u044b\u0440\u0430\u0432\u043d\u0438\u0432\u0430\u043d\u0438\u0435 \u0438 \u0437\u0430\u043c\u0435\u043d\u0430 \u0440\u0435\u043c\u043d\u0435\u0439 \u0441\u043e\u0433\u043b\u0430\u0441\u043d\u043e \u043d\u0435\u043e\u0431\u0445\u043e\u0434\u0438\u043c\u043e\u0441\u0442\u0438<\/li>\n<li>\u041f\u0440\u043e\u0432\u0435\u0440\u043a\u0430 \u0438 \u0447\u0438\u0441\u0442\u043a\u0430 \u0440\u0435\u0448\u0435\u0442\u043a\u0438 \u0437\u0430\u0431\u043e\u0440\u0430 \u043d\u0430\u0440\u0443\u0436\u043d\u043e\u0433\u043e \u0432\u043e\u0437\u0434\u0443\u0445\u0430<\/li>\n<li>\u041f\u0440\u043e\u0432\u0435\u0440\u043a\u0430 \u0438 \u0447\u0438\u0441\u0442\u043a\u0430 \u043a\u0430\u043c\u0435\u0440 \u043f\u0440\u0438\u0442\u043e\u043a\u0430 \u0441\u0432\u0435\u0436\u0435\u0433\u043e \u0432\u043e\u0437\u0434\u0443\u0445\u0430<\/li>\n<li>\u041f\u0440\u043e\u0432\u0435\u0440\u043a\u0430 \u0438 \u0447\u0438\u0441\u0442\u043a\u0430 \u043a\u043b\u0430\u043f\u0430\u043d\u043e\u0432 \u0443\u0441\u0442\u0440\u043e\u0439\u0441\u0442\u0432\u0430<\/li>\n<li>\u041f\u0440\u043e\u0432\u0435\u0440\u043a\u0430 \u0438 \u0437\u0430\u043c\u0435\u043d\u0430 \u0444\u0438\u043b\u044c\u0442\u0440\u043e\u0432 \u0441\u043e\u0433\u043b\u0430\u0441\u043d\u043e \u043d\u0435\u043e\u0431\u0445\u043e\u0434\u0438\u043c\u043e\u0441\u0442\u0438 \u0438\u043b\u0438 \u0434\u043e\u0433\u043e\u0432\u043e\u0440\u0435\u043d\u043d\u043e\u0441\u0442\u0438<\/li>\n<li>\u041f\u0440\u043e\u0432\u0435\u0440\u043a\u0430 \u0443\u0441\u0442\u0430\u043d\u043e\u0432\u043e\u043a \u0437\u0430\u0449\u0438\u0442\u044b \u043e\u0442 \u0445\u043e\u043b\u043e\u0434\u0430<\/li>\n<li>\u041f\u0440\u043e\u0432\u0435\u0440\u043a\u0430 \u0438 \u043e\u0431\u0441\u043b\u0443\u0436\u0438\u0432\u0430\u043d\u0438\u0435 \u0442\u0435\u043f\u043b\u043e\u043e\u0431\u043c\u0435\u043d\u043d\u0438\u043a\u043e\u0432<\/li>\n<li>\u041f\u0440\u043e\u0432\u0435\u0440\u043a\u0430, \u0447\u0438\u0441\u0442\u043a\u0430 \u0438 \u0441\u043c\u0430\u0437\u043a\u0430 \u044d\u043b\u0435\u043c\u0435\u043d\u0442\u043e\u0432 \u0432\u0435\u043d\u0442\u0438\u043b\u044f\u0442\u043e\u0440\u0430 (\u043f\u043e\u0434\u0448\u0438\u043f\u043d\u0438\u043a\u043e\u0432)<\/li>\n<li>\u041f\u0440\u043e\u0432\u0435\u0440\u043a\u0430 \u0443\u0441\u0442\u0440\u043e\u0439\u0441\u0442\u0432 \u0430\u0432\u0442\u043e\u043c\u0430\u0442\u0438\u043a\u0438 \u0438 \u0438\u0437\u043c\u0435\u0440\u0438\u0442\u0435\u043b\u044c\u043d\u044b\u0445 \u043f\u0440\u0438\u0431\u043e\u0440\u043e\u0432, \u043f\u0440\u043e\u0432\u0435\u0440\u043a\u0430 \u0438 \u0438\u0437\u043c\u0435\u043d\u0435\u043d\u0438\u0435 \u043d\u0430\u0441\u0442\u0440\u043e\u0435\u0447\u043d\u044b\u0445 \u043f\u0430\u0440\u0430\u043c\u0435\u0442\u0440\u043e\u0432 \u0441\u043e\u0433\u043b\u0430\u0441\u043d\u043e \u0432\u0440\u0435\u043c\u0435\u043d\u0438 \u0433\u043e\u0434\u0430 \u0438 \u043d\u0435\u043e\u0431\u0445\u043e\u0434\u0438\u043c\u043e\u0441\u0442\u0438<\/li>\n<li>\u041e\u0431\u0441\u043b\u0443\u0436\u0438\u0432\u0430\u043d\u0438\u0435 \u0432\u0435\u043d\u0442\u0438\u043b\u044f\u0442\u043e\u0440\u043e\u0432 \u0438 \u043c\u043e\u0442\u043e\u0440\u043e\u0432 \u043f\u0440\u0438\u0442\u043e\u0447\u043d\u043e-\u0432\u044b\u0442\u044f\u0436\u043d\u044b\u0445 \u0441\u0438\u0441\u0442\u0435\u043c<\/li>\n<li>\u041e\u0431\u0441\u043b\u0443\u0436\u0438\u0432\u0430\u043d\u0438\u0435 \u0437\u0430\u043f\u043e\u0440\u043d\u044b\u0445 \u043a\u043b\u0430\u043f\u0430\u043d\u043e\u0432<\/li>\n<li>\u041e\u0431\u0441\u043b\u0443\u0436\u0438\u0432\u0430\u043d\u0438\u0435 \u0432\u043e\u0434\u044f\u043d\u044b\u0445 \u0438\u043b\u0438 \u044d\u043b\u0435\u043a\u0442\u0440\u0438\u0447\u0435\u0441\u043a\u0438\u0445 \u043a\u0430\u043b\u043e\u0440\u0438\u0444\u0435\u0440\u043e\u0432<\/li>\n<li>\u041f\u0440\u043e\u0432\u0435\u0440\u043a\u0430 \u0438 \u0447\u0438\u0441\u0442\u043a\u0430 \u0441\u0438\u0441\u0442\u0435\u043c\u044b \u043e\u0442\u0432\u043e\u0434\u0430 \u043a\u043e\u043d\u0434\u0435\u043d\u0441\u0430\u0442\u0430.<\/li>\n<li>\u0421\u0432\u044f\u0436\u0438\u0442\u0435\u0441\u044c \u0441 \u043d\u0430\u043c\u0438<\/li>\n<li>\u041f\u0440\u043e\u0435\u043a\u0442\u0438\u0440\u0443\u0435\u043c \u0438 \u0443\u0441\u0442\u0430\u043d\u0430\u0432\u043b\u0438\u0432\u0430\u0435\u043c \u043a\u0430\u0447\u0435\u0441\u0442\u0432\u0435\u043d\u043d\u044b\u0435 \u0432\u0435\u043d\u0442\u0438\u043b\u044f\u0446\u0438\u043e\u043d\u043d\u044b\u0435 \u0441\u0438\u0441\u0442\u0435\u043c\u044b, \u043e\u0441\u0443\u0449\u0435\u0441\u0442\u0432\u043b\u044f\u0435\u043c \u043e\u0431\u0441\u043b\u0443\u0436\u0438\u0432\u0430\u043d\u0438\u0435 \u0438 \u0447\u0438\u0441\u0442\u043a\u0443 \u0438\u043c\u0435\u044e\u0449\u0438\u0445\u0441\u044f \u0441\u0438\u0441\u0442\u0435\u043c.<\/li>\n<li>\u0421\u043f\u0440\u043e\u0441\u0438\u0442\u044c \u0446\u0435\u043d\u043e\u0432\u043e\u0435 \u043f\u0440\u0435\u0434\u043b\u043e\u0436\u0435\u043d\u0438\u0435<\/li>\n<\/ul>\n<\/div><\/section><br \/>\n<section class=\"av_textblock_section \"  itemscope=\"itemscope\" itemtype=\"https:\/\/schema.org\/CreativeWork\" ><div class='avia_textblock menu-bottom-additional '   itemprop=\"text\" ><h4>V\u00f5ta \u00fchendust<\/h4>\n<p>\u041c\u044b \u043f\u0440\u043e\u0435\u043a\u0442\u0438\u0440\u0443\u0435\u043c \u0438 \u0443\u0441\u0442\u0430\u043d\u0430\u0432\u043b\u0438\u0432\u0430\u0435\u043c \u0432\u044b\u0441\u043e\u043a\u043e\u043a\u0430\u0447\u0435\u0441\u0442\u0432\u0435\u043d\u043d\u044b\u0435 \u0441\u0438\u0441\u0442\u0435\u043c\u044b \u0432\u0435\u043d\u0442\u0438\u043b\u044f\u0446\u0438\u0438 \u0438 \u0432\u044b\u043f\u043e\u043b\u043d\u044f\u0435\u043c \u0443\u0441\u043b\u0443\u0433\u0438 \u043f\u043e \u0442\u0435\u0445\u043d\u0438\u0447\u0435\u0441\u043a\u043e\u043c\u0443 \u043e\u0431\u0441\u043b\u0443\u0436\u0438\u0432\u0430\u043d\u0438\u044e \u0438 \u043e\u0447\u0438\u0441\u0442\u043a\u0435 \u0441\u0443\u0449\u0435\u0441\u0442\u0432\u0443\u044e\u0449\u0438\u0445 \u0441\u0438\u0441\u0442\u0435\u043c.<br \/>\n<a class=\"vent-contact-btn\" href=\"https:\/\/kytteseade.ee\/kontakt\/\">\u0421\u043f\u0440\u043e\u0441\u0438\u0442\u0435 \u0446\u0435\u043d\u0443!<\/a><\/p>\n<\/div><\/section><\/p><\/div><div class=\"flex_column av_one_fourth  av-break-at-tablet flex_column_div av-zero-column-padding   sidebar-links-holder \" style='border-radius:0px; '><section class=\"av_textblock_section \"  itemscope=\"itemscope\" itemtype=\"https:\/\/schema.org\/CreativeWork\" ><div class='avia_textblock vent-menu-main-cont '   itemprop=\"text\" ><p><a class=\"vent-menu active-item\" href=\"https:\/\/kytteseade.ee\/ru\/ventilatsioon-ja-jahutus\/ventilatsiooni-hooldus\/\">\u041e\u0431\u0441\u043b\u0443\u0436\u0438\u0432\u0430\u043d\u0438\u0435 \u0432\u0435\u043d\u0442\u0438\u043b\u044f\u0446\u0438\u0438<\/a><a class=\"vent-menu regular-item\" href=\"https:\/\/kytteseade.ee\/ru\/ventilatsioon-ja-jahutus\/ventilatsioonisusteemide-ehitus-ja-projekteerimine\/\">\u0421\u0442\u0440\u043e\u0438\u0442\u0435\u043b\u044c\u0441\u0442\u0432\u043e \u0438 \u043f\u0440\u043e\u0435\u043a\u0442\u0438\u0440\u043e\u0432\u0430\u043d\u0438\u0435 \u0432\u0435\u043d\u0442\u0438\u043b\u044f\u0446\u0438\u043e\u043d\u043d\u044b\u0445 \u0441\u0438\u0441\u0442\u0435\u043c<\/a><\/p>\n<\/div><\/section><\/div>\n<\/div><\/div><\/div><!-- close content main div --><\/div><\/div><div id='after_section_1' class='main_color av_default_container_wrap container_wrap sidebar_right'   ><div class='container' ><div class='template-page content  av-content-small alpha units'><div class='post-entry post-entry-type-page post-entry-1140'><div class='entry-content-wrapper clearfix'>\n<\/div><\/div><\/div><!-- close content main div --><\/div><\/div><div id='av-layout-grid-1' class='av-layout-grid-container entry-content-wrapper main_color av-flex-cells    red-contact-area container_wrap sidebar_right'   >\n<div class=\"flex_cell no_margin av_one_half    \" style='vertical-align:top; padding:30px 30px 30px 60px ; background-color:#d12433; '><div class='flex_cell_inner' ><div class=\"flex_column av_one_full  av-animated-generic left-to-right  flex_column_div av-zero-column-padding first  red-contact-left \" style='border-radius:0px; '><section class=\"av_textblock_section \"  itemscope=\"itemscope\" itemtype=\"https:\/\/schema.org\/CreativeWork\" ><div class='avia_textblock  '   itemprop=\"text\" ><h2>Vajad abi endale sobiva<br \/>\ntoote valimisel?<\/h2>\n<p>T\u00e4ida p\u00e4ringuvorm, helista v\u00f5i saada kiri!<\/p>\n<p><a class=\"cta-btn\" href=\"https:\/\/kytteseade.ee\/hinnaparing\/\">Esita p\u00e4ring<\/a><\/p>\n<\/div><\/section><\/div>\n<\/div><\/div><div class=\"flex_cell no_margin av_one_half    \" style='vertical-align:top; padding:30px 30px 30px 60px ; background-color:#ad232d; '><div class='flex_cell_inner' ><div class=\"flex_column av_one_full  flex_column_div av-zero-column-padding first  red-contact-right \" style='border-radius:0px; '><section class=\"av_textblock_section \"  itemscope=\"itemscope\" itemtype=\"https:\/\/schema.org\/CreativeWork\" ><div class='avia_textblock  '   itemprop=\"text\" ><h3>M\u00fc\u00fck ja paigaldus<\/h3>\n<p class=\"cont-element\"><i class=\"fa fa-phone-square\" aria-hidden=\"true\"><\/i>+372 51 20004<\/p>\n<p class=\"cont-element\"><i id=\"mail-icon\" class=\"fa fa-envelope\" aria-hidden=\"true\"><\/i><a href=\"mailto:info@kytteseade.ee\">info@kytteseade.ee<\/a><\/p>\n<h3>Hooldus<\/h3>\n<p class=\"cont-element\"><i class=\"fa fa-phone-square\" aria-hidden=\"true\"><\/i>+372 51 866 95<\/p>\n<p class=\"cont-element\"><i id=\"mail-icon\" class=\"fa fa-envelope\" aria-hidden=\"true\"><\/i><a href=\"mailto:hooldus@kytteseade.ee\">hooldus@kytteseade.ee<\/a><\/p>\n<\/div><\/section><\/div>\n<\/div><\/div><\/div>\n","protected":false},"excerpt":{"rendered":"","protected":false},"author":1,"featured_media":0,"parent":1135,"menu_order":0,"comment_status":"closed","ping_status":"closed","template":"","meta":{"_monsterinsights_skip_tracking":false,"_monsterinsights_sitenote_active":false,"_monsterinsights_sitenote_note":"","_monsterinsights_sitenote_category":0,"footnotes":""},"class_list":["post-1140","page","type-page","status-publish","hentry"],"_links":{"self":[{"href":"https:\/\/kytteseade.ee\/ru\/wp-json\/wp\/v2\/pages\/1140"}],"collection":[{"href":"https:\/\/kytteseade.ee\/ru\/wp-json\/wp\/v2\/pages"}],"about":[{"href":"https:\/\/kytteseade.ee\/ru\/wp-json\/wp\/v2\/types\/page"}],"author":[{"embeddable":true,"href":"https:\/\/kytteseade.ee\/ru\/wp-json\/wp\/v2\/users\/1"}],"replies":[{"embeddable":true,"href":"https:\/\/kytteseade.ee\/ru\/wp-json\/wp\/v2\/comments?post=1140"}],"version-history":[{"count":6,"href":"https:\/\/kytteseade.ee\/ru\/wp-json\/wp\/v2\/pages\/1140\/revisions"}],"predecessor-version":[{"id":1475,"href":"https:\/\/kytteseade.ee\/ru\/wp-json\/wp\/v2\/pages\/1140\/revisions\/1475"}],"up":[{"embeddable":true,"href":"https:\/\/kytteseade.ee\/ru\/wp-json\/wp\/v2\/pages\/1135"}],"wp:attachment":[{"href":"https:\/\/kytteseade.ee\/ru\/wp-json\/wp\/v2\/media?parent=1140"}],"curies":[{"name":"wp","href":"https:\/\/api.w.org\/{rel}","templated":true}]}}